{"id":1231,"date":"2022-08-09T14:56:32","date_gmt":"2022-08-09T03:56:32","guid":{"rendered":"http:\/\/sopac.nc\/history\/"},"modified":"2026-03-03T08:29:28","modified_gmt":"2026-03-02T21:29:28","slug":"history","status":"publish","type":"page","link":"https:\/\/sopac.nc\/en\/history\/","title":{"rendered":"HISTORY"},"content":{"rendered":"<div class=\"gb-container gb-container-9d6cdaca\"><div class=\"gb-inside-container\">\n<div class=\"gb-grid-wrapper gb-grid-wrapper-4747c767\">\n<div class=\"gb-grid-column gb-grid-column-ee037327\"><div class=\"gb-container gb-container-ee037327\"><div class=\"gb-inside-container\"><\/div><\/div><\/div>\n\n<div class=\"gb-grid-column gb-grid-column-a31a25fb\"><div class=\"gb-container gb-container-a31a25fb\"><div class=\"gb-inside-container\">\n<h1 class=\"page-title wp-block-post-title has-text-color has-base-3-color\">HISTORY<\/h1>\n<\/div><\/div><\/div>\n<\/div>\n<\/div><\/div>\n\n\n<hr class=\"wp-block-separator alignfull has-text-color has-global-color-9-color has-alpha-channel-opacity has-global-color-9-background-color has-background is-style-wide-interior\"\/>\n\n\n<div class=\"gb-container gb-container-cef4a1eb\"><div class=\"gb-inside-container\">\n<div class=\"gb-grid-wrapper gb-grid-wrapper-67a809c2\">\n<div class=\"gb-grid-column gb-grid-column-b4f637c4\"><div class=\"gb-container gb-container-b4f637c4\"><div class=\"gb-inside-container\">\n\n<figure class=\"gb-block-image gb-block-image-4f2d8f7e\"><img loading=\"lazy\" decoding=\"async\" width=\"960\" height=\"700\" class=\"gb-image gb-image-4f2d8f7e\" src=\"https:\/\/sopac.nc\/wp-content\/uploads\/2022\/08\/Histoire_Nos-origines_2.jpg\" alt=\"\" title=\"Histoire_Nos-origines_2\" srcset=\"https:\/\/sopac.nc\/wp-content\/uploads\/2022\/08\/Histoire_Nos-origines_2.jpg 960w, https:\/\/sopac.nc\/wp-content\/uploads\/2022\/08\/Histoire_Nos-origines_2-300x219.jpg 300w, https:\/\/sopac.nc\/wp-content\/uploads\/2022\/08\/Histoire_Nos-origines_2-768x560.jpg 768w\" sizes=\"auto, (max-width: 960px) 100vw, 960px\" \/><\/figure>\n\n<\/div><\/div><\/div>\n\n<div class=\"gb-grid-column gb-grid-column-a8bef41c\"><div class=\"gb-container gb-container-a8bef41c\"><div class=\"gb-inside-container\">\n\n<h2 class=\"wp-block-heading has-text-align-center\">Who are we ?<\/h2>\n\n\n\n<p class=\"paragraph-2\">Created in 1994 by New Caledonian prawn farmers, SOPAC (Soci\u00e9t\u00e9 des Producteurs Aquacoles Cal\u00e9doniens) federates all the players in the industry, from hatcheries to distributors, in order to guarantee the quality of New Caledonian blue prawn. We are committed to the development of responsible aquaculture that respects people, the environment and consumers. Our mission is to offer an exceptional prawn to our customers wherever they are in the world. To this end, we have developed partnerships with importers or distribution companies in different geographical areas such as in Japan with the company GODAK; in Europe with Prestige Seafood; in the USA with Savory Gourmet; or in Australia with Austral Fisheries.<\/p>\n\n<\/div><\/div><\/div>\n<\/div>\n<\/div><\/div>\n\n<div class=\"gb-container gb-container-7a90a6c9\"><div class=\"gb-inside-container\">\n<div class=\"gb-grid-wrapper gb-grid-wrapper-42837d93 flex-column-reverse\">\n<div class=\"gb-grid-column gb-grid-column-45454dac\"><div class=\"gb-container gb-container-45454dac\"><div class=\"gb-inside-container\">\n\n<h2 class=\"wp-block-heading has-text-align-center\">Our origins<\/h2>\n\n\n\n<p class=\"paragraph-2\">Initiated at an experimental stage in 1970 and benefiting from the scientific and technical support of Ifremer from the outset, prawn farming in New Caledonia only really reached the industrial stage in 1988 with the first exports. During the 1990s, an extremely rigorous set of specifications was developed in close collaboration with our long-standing partner in Japan, enabling the perfectly balanced taste (Umami taste) of New Caledonian blue prawn to be highlighted. The recognition of its very high quality is demonstrated by the fact that it is marketed frozen raw under the brand name Tenshi No Ebi for sashimi preparations in Japan. Since 2009, the top of the production is successfully marketed worldwide under the brand Obsiblue and Cristal Blue to French and international chefs.<\/p>\n\n<\/div><\/div><\/div>\n\n<div class=\"gb-grid-column gb-grid-column-ae439d81\"><div class=\"gb-container gb-container-ae439d81\"><div class=\"gb-inside-container\">\n\n<figure class=\"gb-block-image gb-block-image-3a6ed9a5\"><img loading=\"lazy\" decoding=\"async\" width=\"960\" height=\"700\" class=\"gb-image gb-image-3a6ed9a5\" src=\"https:\/\/sopac.nc\/wp-content\/uploads\/2022\/08\/Histoire_Qui-sommes-nous_3.jpg\" alt=\"\" title=\"Histoire_Qui-sommes-nous_3\" srcset=\"https:\/\/sopac.nc\/wp-content\/uploads\/2022\/08\/Histoire_Qui-sommes-nous_3.jpg 960w, https:\/\/sopac.nc\/wp-content\/uploads\/2022\/08\/Histoire_Qui-sommes-nous_3-300x219.jpg 300w, https:\/\/sopac.nc\/wp-content\/uploads\/2022\/08\/Histoire_Qui-sommes-nous_3-768x560.jpg 768w\" sizes=\"auto, (max-width: 960px) 100vw, 960px\" \/><\/figure>\n\n<\/div><\/div><\/div>\n<\/div>\n<\/div><\/div>","protected":false},"excerpt":{"rendered":"","protected":false},"author":1,"featured_media":0,"parent":0,"menu_order":0,"comment_status":"closed","ping_status":"closed","template":"","meta":{"_acf_changed":false,"inline_featured_image":false,"footnotes":""},"categories":[],"class_list":["post-1231","page","type-page","status-publish"],"acf":[],"yoast_head":"<!-- This site is optimized with the Yoast SEO plugin v25.2 - https:\/\/yoast.com\/wordpress\/plugins\/seo\/ -->\n<title>HISTORY - Sopac<\/title>\n<meta name=\"robots\" content=\"index, follow, max-snippet:-1, max-image-preview:large, max-video-preview:-1\" \/>\n<link rel=\"canonical\" href=\"https:\/\/sopac.nc\/en\/history\/\" \/>\n<meta property=\"og:locale\" content=\"en_US\" \/>\n<meta property=\"og:type\" content=\"article\" \/>\n<meta property=\"og:title\" content=\"HISTORY - Sopac\" \/>\n<meta property=\"og:url\" content=\"https:\/\/sopac.nc\/en\/history\/\" \/>\n<meta property=\"og:site_name\" content=\"Sopac\" \/>\n<meta property=\"article:publisher\" content=\"https:\/\/facebook.com\/sopacnouvellecaledonie\" \/>\n<meta property=\"article:modified_time\" content=\"2026-03-02T21:29:28+00:00\" \/>\n<meta property=\"og:image\" content=\"https:\/\/sopac.nc\/wp-content\/uploads\/2022\/08\/Histoire_Nos-origines_2.jpg\" \/>\n<meta name=\"twitter:card\" content=\"summary_large_image\" \/>\n<meta name=\"twitter:label1\" content=\"Est. reading time\" \/>\n\t<meta name=\"twitter:data1\" content=\"2 minutes\" \/>\n<script type=\"application\/ld+json\" class=\"yoast-schema-graph\">{\"@context\":\"https:\/\/schema.org\",\"@graph\":[{\"@type\":\"WebPage\",\"@id\":\"https:\/\/sopac.nc\/en\/history\/\",\"url\":\"https:\/\/sopac.nc\/en\/history\/\",\"name\":\"HISTORY - Sopac\",\"isPartOf\":{\"@id\":\"https:\/\/sopac.nc\/en\/#website\"},\"primaryImageOfPage\":{\"@id\":\"https:\/\/sopac.nc\/en\/history\/#primaryimage\"},\"image\":{\"@id\":\"https:\/\/sopac.nc\/en\/history\/#primaryimage\"},\"thumbnailUrl\":\"https:\/\/sopac.nc\/wp-content\/uploads\/2022\/08\/Histoire_Nos-origines_2.jpg\",\"datePublished\":\"2022-08-09T03:56:32+00:00\",\"dateModified\":\"2026-03-02T21:29:28+00:00\",\"breadcrumb\":{\"@id\":\"https:\/\/sopac.nc\/en\/history\/#breadcrumb\"},\"inLanguage\":\"en-US\",\"potentialAction\":[{\"@type\":\"ReadAction\",\"target\":[\"https:\/\/sopac.nc\/en\/history\/\"]}]},{\"@type\":\"ImageObject\",\"inLanguage\":\"en-US\",\"@id\":\"https:\/\/sopac.nc\/en\/history\/#primaryimage\",\"url\":\"https:\/\/sopac.nc\/wp-content\/uploads\/2022\/08\/Histoire_Nos-origines_2.jpg\",\"contentUrl\":\"https:\/\/sopac.nc\/wp-content\/uploads\/2022\/08\/Histoire_Nos-origines_2.jpg\"},{\"@type\":\"BreadcrumbList\",\"@id\":\"https:\/\/sopac.nc\/en\/history\/#breadcrumb\",\"itemListElement\":[{\"@type\":\"ListItem\",\"position\":1,\"name\":\"Accueil\",\"item\":\"https:\/\/sopac.nc\/en\/\"},{\"@type\":\"ListItem\",\"position\":2,\"name\":\"HISTORY\"}]},{\"@type\":\"WebSite\",\"@id\":\"https:\/\/sopac.nc\/en\/#website\",\"url\":\"https:\/\/sopac.nc\/en\/\",\"name\":\"Sopac\",\"description\":\"La crevette de Nouvelle-Cal\u00e9donie\",\"publisher\":{\"@id\":\"https:\/\/sopac.nc\/en\/#organization\"},\"potentialAction\":[{\"@type\":\"SearchAction\",\"target\":{\"@type\":\"EntryPoint\",\"urlTemplate\":\"https:\/\/sopac.nc\/en\/?s={search_term_string}\"},\"query-input\":{\"@type\":\"PropertyValueSpecification\",\"valueRequired\":true,\"valueName\":\"search_term_string\"}}],\"inLanguage\":\"en-US\"},{\"@type\":\"Organization\",\"@id\":\"https:\/\/sopac.nc\/en\/#organization\",\"name\":\"Sopac\",\"url\":\"https:\/\/sopac.nc\/en\/\",\"logo\":{\"@type\":\"ImageObject\",\"inLanguage\":\"en-US\",\"@id\":\"https:\/\/sopac.nc\/en\/#\/schema\/logo\/image\/\",\"url\":\"https:\/\/sopac.nc\/wp-content\/uploads\/2022\/09\/logo_sopac.png\",\"contentUrl\":\"https:\/\/sopac.nc\/wp-content\/uploads\/2022\/09\/logo_sopac.png\",\"width\":180,\"height\":80,\"caption\":\"Sopac\"},\"image\":{\"@id\":\"https:\/\/sopac.nc\/en\/#\/schema\/logo\/image\/\"},\"sameAs\":[\"https:\/\/facebook.com\/sopacnouvellecaledonie\"]}]}<\/script>\n<!-- \/ Yoast SEO plugin. -->","yoast_head_json":{"title":"HISTORY - Sopac","robots":{"index":"index","follow":"follow","max-snippet":"max-snippet:-1","max-image-preview":"max-image-preview:large","max-video-preview":"max-video-preview:-1"},"canonical":"https:\/\/sopac.nc\/en\/history\/","og_locale":"en_US","og_type":"article","og_title":"HISTORY - Sopac","og_url":"https:\/\/sopac.nc\/en\/history\/","og_site_name":"Sopac","article_publisher":"https:\/\/facebook.com\/sopacnouvellecaledonie","article_modified_time":"2026-03-02T21:29:28+00:00","og_image":[{"url":"https:\/\/sopac.nc\/wp-content\/uploads\/2022\/08\/Histoire_Nos-origines_2.jpg","type":"","width":"","height":""}],"twitter_card":"summary_large_image","twitter_misc":{"Est. reading time":"2 minutes"},"schema":{"@context":"https:\/\/schema.org","@graph":[{"@type":"WebPage","@id":"https:\/\/sopac.nc\/en\/history\/","url":"https:\/\/sopac.nc\/en\/history\/","name":"HISTORY - Sopac","isPartOf":{"@id":"https:\/\/sopac.nc\/en\/#website"},"primaryImageOfPage":{"@id":"https:\/\/sopac.nc\/en\/history\/#primaryimage"},"image":{"@id":"https:\/\/sopac.nc\/en\/history\/#primaryimage"},"thumbnailUrl":"https:\/\/sopac.nc\/wp-content\/uploads\/2022\/08\/Histoire_Nos-origines_2.jpg","datePublished":"2022-08-09T03:56:32+00:00","dateModified":"2026-03-02T21:29:28+00:00","breadcrumb":{"@id":"https:\/\/sopac.nc\/en\/history\/#breadcrumb"},"inLanguage":"en-US","potentialAction":[{"@type":"ReadAction","target":["https:\/\/sopac.nc\/en\/history\/"]}]},{"@type":"ImageObject","inLanguage":"en-US","@id":"https:\/\/sopac.nc\/en\/history\/#primaryimage","url":"https:\/\/sopac.nc\/wp-content\/uploads\/2022\/08\/Histoire_Nos-origines_2.jpg","contentUrl":"https:\/\/sopac.nc\/wp-content\/uploads\/2022\/08\/Histoire_Nos-origines_2.jpg"},{"@type":"BreadcrumbList","@id":"https:\/\/sopac.nc\/en\/history\/#breadcrumb","itemListElement":[{"@type":"ListItem","position":1,"name":"Accueil","item":"https:\/\/sopac.nc\/en\/"},{"@type":"ListItem","position":2,"name":"HISTORY"}]},{"@type":"WebSite","@id":"https:\/\/sopac.nc\/en\/#website","url":"https:\/\/sopac.nc\/en\/","name":"Sopac","description":"La crevette de Nouvelle-Cal\u00e9donie","publisher":{"@id":"https:\/\/sopac.nc\/en\/#organization"},"potentialAction":[{"@type":"SearchAction","target":{"@type":"EntryPoint","urlTemplate":"https:\/\/sopac.nc\/en\/?s={search_term_string}"},"query-input":{"@type":"PropertyValueSpecification","valueRequired":true,"valueName":"search_term_string"}}],"inLanguage":"en-US"},{"@type":"Organization","@id":"https:\/\/sopac.nc\/en\/#organization","name":"Sopac","url":"https:\/\/sopac.nc\/en\/","logo":{"@type":"ImageObject","inLanguage":"en-US","@id":"https:\/\/sopac.nc\/en\/#\/schema\/logo\/image\/","url":"https:\/\/sopac.nc\/wp-content\/uploads\/2022\/09\/logo_sopac.png","contentUrl":"https:\/\/sopac.nc\/wp-content\/uploads\/2022\/09\/logo_sopac.png","width":180,"height":80,"caption":"Sopac"},"image":{"@id":"https:\/\/sopac.nc\/en\/#\/schema\/logo\/image\/"},"sameAs":["https:\/\/facebook.com\/sopacnouvellecaledonie"]}]}},"_links":{"self":[{"href":"https:\/\/sopac.nc\/en\/wp-json\/wp\/v2\/pages\/1231","targetHints":{"allow":["GET"]}}],"collection":[{"href":"https:\/\/sopac.nc\/en\/wp-json\/wp\/v2\/pages"}],"about":[{"href":"https:\/\/sopac.nc\/en\/wp-json\/wp\/v2\/types\/page"}],"author":[{"embeddable":true,"href":"https:\/\/sopac.nc\/en\/wp-json\/wp\/v2\/users\/1"}],"replies":[{"embeddable":true,"href":"https:\/\/sopac.nc\/en\/wp-json\/wp\/v2\/comments?post=1231"}],"version-history":[{"count":7,"href":"https:\/\/sopac.nc\/en\/wp-json\/wp\/v2\/pages\/1231\/revisions"}],"predecessor-version":[{"id":1655,"href":"https:\/\/sopac.nc\/en\/wp-json\/wp\/v2\/pages\/1231\/revisions\/1655"}],"wp:attachment":[{"href":"https:\/\/sopac.nc\/en\/wp-json\/wp\/v2\/media?parent=1231"}],"wp:term":[{"taxonomy":"category","embeddable":true,"href":"https:\/\/sopac.nc\/en\/wp-json\/wp\/v2\/categories?post=1231"}],"curies":[{"name":"wp","href":"https:\/\/api.w.org\/{rel}","templated":true}]}}