{"id":1233,"date":"2022-06-21T14:01:10","date_gmt":"2022-06-21T03:01:10","guid":{"rendered":"http:\/\/sopac.nc\/legal-notices\/"},"modified":"2022-08-25T11:18:27","modified_gmt":"2022-08-25T00:18:27","slug":"legal-notices","status":"publish","type":"page","link":"https:\/\/sopac.nc\/en\/legal-notices\/","title":{"rendered":"Legal notices"},"content":{"rendered":"<div class=\"gb-container gb-container-ea42fd67\"><div class=\"gb-inside-container\">\n\n<h2 class=\"wp-block-heading\">1 &#8211; Site editing<\/h2>\n\n\n\n<p>Pursuant to Article 6 of Law No. 2004-575 of 21 June 2004 on confidence in the digital economy, users of the website https:\/\/sopac.nc are informed of the identity of the various parties involved in its creation and monitoring:<\/p>\n\n\n\n<p>Owner of the site: Soci\u00e9t\u00e9 des producteurs acquacoles cal\u00e9doniens &#8211; Contact: contact@sopac.nc 00 (687) 27 40 46 &#8211; Address: BP 2987 98 846 Noum\u00e9a Cedex New Caledonia.<\/p>\n\n\n\n<p>Company identification : SA Soci\u00e9t\u00e9 des producteurs acquacoles cal\u00e9doniens au capital social de \u20ac &#8211; SIREN : 0 405 381 &#8211; 001 &#8211; RCS or RM : &#8211; Postal address : BP 2987 98 846 Noum\u00e9a Cedex Nouvelle-Cal\u00e9donie &#8211; https:\/\/sopac.nc [Instructions : add here the hypertext link to the page of your general conditions of sale if you have one]<\/p>\n\n\n\n<p>Publication Director: &#8211; Contact: .<\/p>\n\n\n\n<p>Host : AutreAgence Contact 7 bis rue Pasteur 98800 Noum\u00e9a New Caledonia 00 687 27 61 62<\/p>\n\n\n\n<p>Data Protection Officer: Valentine Lecocq &#8211; marketing@sopac.nc<\/p>\n\n\n\n<p>Other contributors :<\/p>\n\n<\/div><\/div><div class=\"gb-container gb-container-f1b9f34c\"><div class=\"gb-inside-container\">\n\n<h2 class=\"wp-block-heading\">2 &#8211; Intellectual property and counterfeits.<\/h2>\n\n\n\n<p>Soci\u00e9t\u00e9 des producteurs acquacoles cal\u00e9doniens is the owner of the intellectual property rights and holds the rights of use on all the elements accessible on the website, notably the texts, images, graphics, logos, videos, architecture, icons and sounds.<\/p>\n\n\n\n<p>Any reproduction, representation, modification, publication, adaptation of all or part of the elements of the site, whatever the means or process used, is forbidden, except with the prior written authorisation of Soci\u00e9t\u00e9 des producteurs acquacoles cal\u00e9doniens.<\/p>\n\n\n\n<p>Any unauthorised use of the site or of any of the elements it contains will be considered as constituting an infringement and will be prosecuted in accordance with the provisions of articles L.335-2 et seq. of the Intellectual Property Code.<\/p>\n\n<\/div><\/div><div class=\"gb-container gb-container-8c316070\"><div class=\"gb-inside-container\">\n\n<h2 class=\"wp-block-heading\">3 &#8211; Limitation of liability.<\/h2>\n\n\n\n<p>Soci\u00e9t\u00e9 des producteurs acquacoles cal\u00e9doniens cannot be held responsible for any direct or indirect damage caused to the user&#8217;s equipment when accessing the https:\/\/sopac.nc website.<\/p>\n\n\n\n<p>Soci\u00e9t\u00e9 des producteurs acquacoles cal\u00e9doniens declines all responsibility for the use that may be made of the information and content present on https:\/\/sopac.nc.<\/p>\n\n\n\n<p>Soci\u00e9t\u00e9 des producteurs acquacoles cal\u00e9doniens undertakes to make the https:\/\/sopac.nc site as secure as possible, however it cannot be held responsible if undesirable data is imported and installed on its site without its knowledge..<\/p>\n\n\n\n<p>Interactive areas (contact space or comments) are available to users. Soci\u00e9t\u00e9 des producteurs acquacoles cal\u00e9doniens reserves the right to delete, without prior notice, any content posted in this space that contravenes the legislation applicable in France, in particular the provisions relating to data protection.<\/p>\n\n\n\n<p>Where applicable, Soci\u00e9t\u00e9 des producteurs acquacoles cal\u00e9doniens also reserves the right to hold the user civilly and\/or criminally liable, particularly in the event of messages of a racist, insulting, defamatory or pornographic nature, whatever the medium used (text, photographs, etc.).<\/p>\n\n<\/div><\/div><div class=\"gb-container gb-container-ba7df01e\"><div class=\"gb-inside-container\">\n\n<h2 class=\"has-text-align-center wp-block-heading\">4 &#8211; CNIL and personal data management.<\/h2>\n\n\n\n<p>In accordance with the provisions of Law 78-17 of 6 January 1978 as amended, the user of the site https:\/\/sopac.nc has the right to access, modify and delete the information collected. To exercise this right, send a message to our Data Protection Officer: Valentine Lecocq &#8211; marketing@sopac.nc.<\/p>\n\n\n\n<p>For more information on how we process your data (type of data, purpose, recipient&#8230;), read our https:\/\/sopac.nc. [Note: add the hyperlink to your privacy policy here].<\/p>\n\n<\/div><\/div><div class=\"gb-container gb-container-b6849a6e\"><div class=\"gb-inside-container\">\n\n<h2 class=\"wp-block-heading\">5 &#8211; Hypertext links and cookies<\/h2>\n\n\n\n<p>The https:\/\/sopac.nc website contains hyperlinks to other websites and does not accept any responsibility for these external links or for links created by other websites to https:\/\/sopac.nc.<\/p>\n\n\n\n<p>Browsing the https:\/\/sopac.nc website may cause cookies to be installed on the user&#8217;s computer.<\/p>\n\n\n\n<p>A &#8220;cookie&#8221; is a small file that records information about a user&#8217;s navigation on a site. The data obtained in this way can be used to obtain measures of visitor numbers, for example.<\/p>\n\n\n\n<p>You can accept or decline cookies by changing your browser settings. No cookies will be set without your consent.<\/p>\n\n\n\n<p>Cookies are stored for a maximum of 12 months.<\/p>\n\n\n\n<p>For more information on how we use cookies, please see our https:\/\/sopac.nc. [Note: add the hyperlink to your privacy policy here or to your cookie policy if you have one (this is the case if you use Complianz)]<\/p>\n\n<\/div><\/div><div class=\"gb-container gb-container-513dd2a9\"><div class=\"gb-inside-container\">\n\n<h2 class=\"wp-block-heading\">6 &#8211; Applicable law and jurisdiction.<\/h2>\n\n\n\n<p>Any dispute relating to the use of the https:\/\/sopac.nc website is subject to French law. Except in cases where the law does not allow it, exclusive jurisdiction is given to the competent courts of .<\/p>\n\n<\/div><\/div>","protected":false},"excerpt":{"rendered":"<p>1 &#8211; Site editing Pursuant to Article 6 of Law No. 2004-575 of 21 June 2004 on confidence in the digital economy, users of the website https:\/\/sopac.nc are informed of the identity of the various parties involved in its creation and monitoring: Owner of the site: Soci\u00e9t\u00e9 des producteurs acquacoles cal\u00e9doniens &#8211; Contact: contact@sopac.nc 00 &#8230; <a title=\"Legal notices\" class=\"read-more\" href=\"https:\/\/sopac.nc\/en\/legal-notices\/\" aria-label=\"Read more about Legal notices\">Read more<\/a><\/p>\n","protected":false},"author":1,"featured_media":0,"parent":0,"menu_order":0,"comment_status":"closed","ping_status":"closed","template":"","meta":{"_acf_changed":false,"inline_featured_image":false,"footnotes":""},"categories":[7],"class_list":{"0":"post-1233","1":"page","2":"type-page","3":"status-publish","5":"category-uncategorized"},"acf":[],"yoast_head":"<!-- This site is optimized with the Yoast SEO plugin v25.2 - https:\/\/yoast.com\/wordpress\/plugins\/seo\/ -->\n<title>Legal notices - Sopac<\/title>\n<meta name=\"robots\" content=\"index, follow, max-snippet:-1, max-image-preview:large, max-video-preview:-1\" \/>\n<link rel=\"canonical\" href=\"https:\/\/sopac.nc\/en\/legal-notices\/\" \/>\n<meta property=\"og:locale\" content=\"en_US\" \/>\n<meta property=\"og:type\" content=\"article\" \/>\n<meta property=\"og:title\" content=\"Legal notices - Sopac\" \/>\n<meta property=\"og:description\" content=\"1 &#8211; Site editing Pursuant to Article 6 of Law No. 2004-575 of 21 June 2004 on confidence in the digital economy, users of the website https:\/\/sopac.nc are informed of the identity of the various parties involved in its creation and monitoring: Owner of the site: Soci\u00e9t\u00e9 des producteurs acquacoles cal\u00e9doniens &#8211; Contact: contact@sopac.nc 00 ... Read more\" \/>\n<meta property=\"og:url\" content=\"https:\/\/sopac.nc\/en\/legal-notices\/\" \/>\n<meta property=\"og:site_name\" content=\"Sopac\" \/>\n<meta property=\"article:publisher\" content=\"https:\/\/facebook.com\/sopacnouvellecaledonie\" \/>\n<meta property=\"article:modified_time\" content=\"2022-08-25T00:18:27+00:00\" \/>\n<meta name=\"twitter:card\" content=\"summary_large_image\" \/>\n<meta name=\"twitter:label1\" content=\"Est. reading time\" \/>\n\t<meta name=\"twitter:data1\" content=\"4 minutes\" \/>\n<script type=\"application\/ld+json\" class=\"yoast-schema-graph\">{\"@context\":\"https:\/\/schema.org\",\"@graph\":[{\"@type\":\"WebPage\",\"@id\":\"https:\/\/sopac.nc\/en\/legal-notices\/\",\"url\":\"https:\/\/sopac.nc\/en\/legal-notices\/\",\"name\":\"Legal notices - Sopac\",\"isPartOf\":{\"@id\":\"https:\/\/sopac.nc\/en\/#website\"},\"datePublished\":\"2022-06-21T03:01:10+00:00\",\"dateModified\":\"2022-08-25T00:18:27+00:00\",\"breadcrumb\":{\"@id\":\"https:\/\/sopac.nc\/en\/legal-notices\/#breadcrumb\"},\"inLanguage\":\"en-US\",\"potentialAction\":[{\"@type\":\"ReadAction\",\"target\":[\"https:\/\/sopac.nc\/en\/legal-notices\/\"]}]},{\"@type\":\"BreadcrumbList\",\"@id\":\"https:\/\/sopac.nc\/en\/legal-notices\/#breadcrumb\",\"itemListElement\":[{\"@type\":\"ListItem\",\"position\":1,\"name\":\"Accueil\",\"item\":\"https:\/\/sopac.nc\/en\/\"},{\"@type\":\"ListItem\",\"position\":2,\"name\":\"Legal notices\"}]},{\"@type\":\"WebSite\",\"@id\":\"https:\/\/sopac.nc\/en\/#website\",\"url\":\"https:\/\/sopac.nc\/en\/\",\"name\":\"Sopac\",\"description\":\"La crevette de Nouvelle-Cal\u00e9donie\",\"publisher\":{\"@id\":\"https:\/\/sopac.nc\/en\/#organization\"},\"potentialAction\":[{\"@type\":\"SearchAction\",\"target\":{\"@type\":\"EntryPoint\",\"urlTemplate\":\"https:\/\/sopac.nc\/en\/?s={search_term_string}\"},\"query-input\":{\"@type\":\"PropertyValueSpecification\",\"valueRequired\":true,\"valueName\":\"search_term_string\"}}],\"inLanguage\":\"en-US\"},{\"@type\":\"Organization\",\"@id\":\"https:\/\/sopac.nc\/en\/#organization\",\"name\":\"Sopac\",\"url\":\"https:\/\/sopac.nc\/en\/\",\"logo\":{\"@type\":\"ImageObject\",\"inLanguage\":\"en-US\",\"@id\":\"https:\/\/sopac.nc\/en\/#\/schema\/logo\/image\/\",\"url\":\"https:\/\/sopac.nc\/wp-content\/uploads\/2022\/09\/logo_sopac.png\",\"contentUrl\":\"https:\/\/sopac.nc\/wp-content\/uploads\/2022\/09\/logo_sopac.png\",\"width\":180,\"height\":80,\"caption\":\"Sopac\"},\"image\":{\"@id\":\"https:\/\/sopac.nc\/en\/#\/schema\/logo\/image\/\"},\"sameAs\":[\"https:\/\/facebook.com\/sopacnouvellecaledonie\"]}]}<\/script>\n<!-- \/ Yoast SEO plugin. -->","yoast_head_json":{"title":"Legal notices - Sopac","robots":{"index":"index","follow":"follow","max-snippet":"max-snippet:-1","max-image-preview":"max-image-preview:large","max-video-preview":"max-video-preview:-1"},"canonical":"https:\/\/sopac.nc\/en\/legal-notices\/","og_locale":"en_US","og_type":"article","og_title":"Legal notices - Sopac","og_description":"1 &#8211; Site editing Pursuant to Article 6 of Law No. 2004-575 of 21 June 2004 on confidence in the digital economy, users of the website https:\/\/sopac.nc are informed of the identity of the various parties involved in its creation and monitoring: Owner of the site: Soci\u00e9t\u00e9 des producteurs acquacoles cal\u00e9doniens &#8211; Contact: contact@sopac.nc 00 ... Read more","og_url":"https:\/\/sopac.nc\/en\/legal-notices\/","og_site_name":"Sopac","article_publisher":"https:\/\/facebook.com\/sopacnouvellecaledonie","article_modified_time":"2022-08-25T00:18:27+00:00","twitter_card":"summary_large_image","twitter_misc":{"Est. reading time":"4 minutes"},"schema":{"@context":"https:\/\/schema.org","@graph":[{"@type":"WebPage","@id":"https:\/\/sopac.nc\/en\/legal-notices\/","url":"https:\/\/sopac.nc\/en\/legal-notices\/","name":"Legal notices - Sopac","isPartOf":{"@id":"https:\/\/sopac.nc\/en\/#website"},"datePublished":"2022-06-21T03:01:10+00:00","dateModified":"2022-08-25T00:18:27+00:00","breadcrumb":{"@id":"https:\/\/sopac.nc\/en\/legal-notices\/#breadcrumb"},"inLanguage":"en-US","potentialAction":[{"@type":"ReadAction","target":["https:\/\/sopac.nc\/en\/legal-notices\/"]}]},{"@type":"BreadcrumbList","@id":"https:\/\/sopac.nc\/en\/legal-notices\/#breadcrumb","itemListElement":[{"@type":"ListItem","position":1,"name":"Accueil","item":"https:\/\/sopac.nc\/en\/"},{"@type":"ListItem","position":2,"name":"Legal notices"}]},{"@type":"WebSite","@id":"https:\/\/sopac.nc\/en\/#website","url":"https:\/\/sopac.nc\/en\/","name":"Sopac","description":"La crevette de Nouvelle-Cal\u00e9donie","publisher":{"@id":"https:\/\/sopac.nc\/en\/#organization"},"potentialAction":[{"@type":"SearchAction","target":{"@type":"EntryPoint","urlTemplate":"https:\/\/sopac.nc\/en\/?s={search_term_string}"},"query-input":{"@type":"PropertyValueSpecification","valueRequired":true,"valueName":"search_term_string"}}],"inLanguage":"en-US"},{"@type":"Organization","@id":"https:\/\/sopac.nc\/en\/#organization","name":"Sopac","url":"https:\/\/sopac.nc\/en\/","logo":{"@type":"ImageObject","inLanguage":"en-US","@id":"https:\/\/sopac.nc\/en\/#\/schema\/logo\/image\/","url":"https:\/\/sopac.nc\/wp-content\/uploads\/2022\/09\/logo_sopac.png","contentUrl":"https:\/\/sopac.nc\/wp-content\/uploads\/2022\/09\/logo_sopac.png","width":180,"height":80,"caption":"Sopac"},"image":{"@id":"https:\/\/sopac.nc\/en\/#\/schema\/logo\/image\/"},"sameAs":["https:\/\/facebook.com\/sopacnouvellecaledonie"]}]}},"_links":{"self":[{"href":"https:\/\/sopac.nc\/en\/wp-json\/wp\/v2\/pages\/1233","targetHints":{"allow":["GET"]}}],"collection":[{"href":"https:\/\/sopac.nc\/en\/wp-json\/wp\/v2\/pages"}],"about":[{"href":"https:\/\/sopac.nc\/en\/wp-json\/wp\/v2\/types\/page"}],"author":[{"embeddable":true,"href":"https:\/\/sopac.nc\/en\/wp-json\/wp\/v2\/users\/1"}],"replies":[{"embeddable":true,"href":"https:\/\/sopac.nc\/en\/wp-json\/wp\/v2\/comments?post=1233"}],"version-history":[{"count":2,"href":"https:\/\/sopac.nc\/en\/wp-json\/wp\/v2\/pages\/1233\/revisions"}],"predecessor-version":[{"id":1332,"href":"https:\/\/sopac.nc\/en\/wp-json\/wp\/v2\/pages\/1233\/revisions\/1332"}],"wp:attachment":[{"href":"https:\/\/sopac.nc\/en\/wp-json\/wp\/v2\/media?parent=1233"}],"wp:term":[{"taxonomy":"category","embeddable":true,"href":"https:\/\/sopac.nc\/en\/wp-json\/wp\/v2\/categories?post=1233"}],"curies":[{"name":"wp","href":"https:\/\/api.w.org\/{rel}","templated":true}]}}